{"id":265,"date":"2023-10-04T13:25:03","date_gmt":"2023-10-04T10:25:03","guid":{"rendered":"http:\/\/www.bitekerlek.com\/?post_type=product&#038;p=265"},"modified":"2023-10-04T13:33:14","modified_gmt":"2023-10-04T10:33:14","slug":"deneme-urun-3","status":"publish","type":"product","link":"https:\/\/www.bitekerlek.com\/index.php\/urun\/deneme-urun-3\/","title":{"rendered":"Deneme \u00dcr\u00fcn 3"},"content":{"rendered":"<p>Deneme \u00dcr\u00fcn Bilgisi Deneme \u00dcr\u00fcn Bilgisi Deneme \u00dcr\u00fcn Bilgisi Deneme \u00dcr\u00fcn Bilgisi Deneme \u00dcr\u00fcn Bilgisi<\/p>\n","protected":false},"excerpt":{"rendered":"<p>\u00dcr\u00fcn \u00f6n bilgisi eklenecek<\/p>\n","protected":false},"featured_media":276,"comment_status":"open","ping_status":"closed","template":"","meta":[],"product_cat":[43,47],"product_tag":[],"class_list":["post-265","product","type-product","status-publish","has-post-thumbnail","hentry","product_cat-tekerlek2","product_cat-tekerlek5"],"_links":{"self":[{"href":"https:\/\/www.bitekerlek.com\/index.php\/wp-json\/wp\/v2\/product\/265","targetHints":{"allow":["GET"]}}],"collection":[{"href":"https:\/\/www.bitekerlek.com\/index.php\/wp-json\/wp\/v2\/product"}],"about":[{"href":"https:\/\/www.bitekerlek.com\/index.php\/wp-json\/wp\/v2\/types\/product"}],"replies":[{"embeddable":true,"href":"https:\/\/www.bitekerlek.com\/index.php\/wp-json\/wp\/v2\/comments?post=265"}],"wp:featuredmedia":[{"embeddable":true,"href":"https:\/\/www.bitekerlek.com\/index.php\/wp-json\/wp\/v2\/media\/276"}],"wp:attachment":[{"href":"https:\/\/www.bitekerlek.com\/index.php\/wp-json\/wp\/v2\/media?parent=265"}],"wp:term":[{"taxonomy":"product_cat","embeddable":true,"href":"https:\/\/www.bitekerlek.com\/index.php\/wp-json\/wp\/v2\/product_cat?post=265"},{"taxonomy":"product_tag","embeddable":true,"href":"https:\/\/www.bitekerlek.com\/index.php\/wp-json\/wp\/v2\/product_tag?post=265"}],"curies":[{"name":"wp","href":"https:\/\/api.w.org\/{rel}","templated":true}]}}