{"id":263,"date":"2023-10-04T13:25:03","date_gmt":"2023-10-04T10:25:03","guid":{"rendered":"http:\/\/www.bitekerlek.com\/?post_type=product&#038;p=263"},"modified":"2023-10-04T13:32:38","modified_gmt":"2023-10-04T10:32:38","slug":"deneme-urun1","status":"publish","type":"product","link":"https:\/\/www.bitekerlek.com\/index.php\/urun\/deneme-urun1\/","title":{"rendered":"Deneme \u00fcr\u00fcn1"},"content":{"rendered":"<p>Deneme \u00fcr\u00fcn bilgisi Deneme \u00fcr\u00fcn bilgisi Deneme \u00fcr\u00fcn bilgisi Deneme \u00fcr\u00fcn bilgisi Deneme \u00fcr\u00fcn bilgisi Deneme \u00fcr\u00fcn bilgisi<\/p>\n","protected":false},"excerpt":{"rendered":"<p>\u00d6n bilgi eklenecek<\/p>\n","protected":false},"featured_media":275,"comment_status":"open","ping_status":"closed","template":"","meta":[],"product_cat":[46],"product_tag":[],"class_list":["post-263","product","type-product","status-publish","has-post-thumbnail","hentry","product_cat-tekerlek4"],"_links":{"self":[{"href":"https:\/\/www.bitekerlek.com\/index.php\/wp-json\/wp\/v2\/product\/263","targetHints":{"allow":["GET"]}}],"collection":[{"href":"https:\/\/www.bitekerlek.com\/index.php\/wp-json\/wp\/v2\/product"}],"about":[{"href":"https:\/\/www.bitekerlek.com\/index.php\/wp-json\/wp\/v2\/types\/product"}],"replies":[{"embeddable":true,"href":"https:\/\/www.bitekerlek.com\/index.php\/wp-json\/wp\/v2\/comments?post=263"}],"wp:featuredmedia":[{"embeddable":true,"href":"https:\/\/www.bitekerlek.com\/index.php\/wp-json\/wp\/v2\/media\/275"}],"wp:attachment":[{"href":"https:\/\/www.bitekerlek.com\/index.php\/wp-json\/wp\/v2\/media?parent=263"}],"wp:term":[{"taxonomy":"product_cat","embeddable":true,"href":"https:\/\/www.bitekerlek.com\/index.php\/wp-json\/wp\/v2\/product_cat?post=263"},{"taxonomy":"product_tag","embeddable":true,"href":"https:\/\/www.bitekerlek.com\/index.php\/wp-json\/wp\/v2\/product_tag?post=263"}],"curies":[{"name":"wp","href":"https:\/\/api.w.org\/{rel}","templated":true}]}}