{"id":261,"date":"2023-10-04T13:25:02","date_gmt":"2023-10-04T10:25:02","guid":{"rendered":"http:\/\/www.bitekerlek.com\/?post_type=product&#038;p=261"},"modified":"2023-10-04T13:31:31","modified_gmt":"2023-10-04T10:31:31","slug":"deneme-urun-10","status":"publish","type":"product","link":"https:\/\/www.bitekerlek.com\/index.php\/urun\/deneme-urun-10\/","title":{"rendered":"Deneme \u00dcr\u00fcn 10"},"content":{"rendered":"<p>Deneme \u00dcr\u00fcn Bilgisi Deneme \u00dcr\u00fcn Bilgisi Deneme \u00dcr\u00fcn Bilgisi Deneme \u00dcr\u00fcn Bilgisi Deneme \u00dcr\u00fcn Bilgisi Deneme \u00dcr\u00fcn Bilgisi Deneme \u00dcr\u00fcn Bilgisi Deneme \u00dcr\u00fcn Bilgisi Deneme \u00dcr\u00fcn Bilgisi Deneme \u00dcr\u00fcn Bilgisi Deneme \u00dcr\u00fcn Bilgisi Deneme \u00dcr\u00fcn Bilgisi Deneme \u00dcr\u00fcn Bilgisi Deneme \u00dcr\u00fcn Bilgisi<\/p>\n","protected":false},"excerpt":{"rendered":"<p>\u00dcr\u00fcn \u00f6n bilgisi eklenecek<\/p>\n","protected":false},"featured_media":273,"comment_status":"open","ping_status":"closed","template":"","meta":[],"product_cat":[42,48],"product_tag":[],"class_list":["post-261","product","type-product","status-publish","has-post-thumbnail","hentry","product_cat-tekerlek1","product_cat-tekerlek6"],"_links":{"self":[{"href":"https:\/\/www.bitekerlek.com\/index.php\/wp-json\/wp\/v2\/product\/261","targetHints":{"allow":["GET"]}}],"collection":[{"href":"https:\/\/www.bitekerlek.com\/index.php\/wp-json\/wp\/v2\/product"}],"about":[{"href":"https:\/\/www.bitekerlek.com\/index.php\/wp-json\/wp\/v2\/types\/product"}],"replies":[{"embeddable":true,"href":"https:\/\/www.bitekerlek.com\/index.php\/wp-json\/wp\/v2\/comments?post=261"}],"wp:featuredmedia":[{"embeddable":true,"href":"https:\/\/www.bitekerlek.com\/index.php\/wp-json\/wp\/v2\/media\/273"}],"wp:attachment":[{"href":"https:\/\/www.bitekerlek.com\/index.php\/wp-json\/wp\/v2\/media?parent=261"}],"wp:term":[{"taxonomy":"product_cat","embeddable":true,"href":"https:\/\/www.bitekerlek.com\/index.php\/wp-json\/wp\/v2\/product_cat?post=261"},{"taxonomy":"product_tag","embeddable":true,"href":"https:\/\/www.bitekerlek.com\/index.php\/wp-json\/wp\/v2\/product_tag?post=261"}],"curies":[{"name":"wp","href":"https:\/\/api.w.org\/{rel}","templated":true}]}}