{"id":260,"date":"2023-10-04T13:25:02","date_gmt":"2023-10-04T10:25:02","guid":{"rendered":"http:\/\/www.bitekerlek.com\/?post_type=product&#038;p=260"},"modified":"2023-10-04T13:31:01","modified_gmt":"2023-10-04T10:31:01","slug":"deneme-urun-9","status":"publish","type":"product","link":"https:\/\/www.bitekerlek.com\/index.php\/urun\/deneme-urun-9\/","title":{"rendered":"Deneme \u00dcr\u00fcn 9"},"content":{"rendered":"<p>Deneme \u00dcr\u00fcn Bilgisi Deneme \u00dcr\u00fcn Bilgisi Deneme \u00dcr\u00fcn Bilgisi Deneme \u00dcr\u00fcn Bilgisi Deneme \u00dcr\u00fcn Bilgisi Deneme \u00dcr\u00fcn Bilgisi Deneme \u00dcr\u00fcn Bilgisi Deneme \u00dcr\u00fcn Bilgisi Deneme \u00dcr\u00fcn Bilgisi Deneme \u00dcr\u00fcn Bilgisi Deneme \u00dcr\u00fcn Bilgisi Deneme \u00dcr\u00fcn Bilgisi<\/p>\n","protected":false},"excerpt":{"rendered":"<p>\u00dcr\u00fcn \u00f6n bilgisi eklenecek<\/p>\n","protected":false},"featured_media":272,"comment_status":"open","ping_status":"closed","template":"","meta":[],"product_cat":[42,48],"product_tag":[],"class_list":["post-260","product","type-product","status-publish","has-post-thumbnail","hentry","product_cat-tekerlek1","product_cat-tekerlek6"],"_links":{"self":[{"href":"https:\/\/www.bitekerlek.com\/index.php\/wp-json\/wp\/v2\/product\/260","targetHints":{"allow":["GET"]}}],"collection":[{"href":"https:\/\/www.bitekerlek.com\/index.php\/wp-json\/wp\/v2\/product"}],"about":[{"href":"https:\/\/www.bitekerlek.com\/index.php\/wp-json\/wp\/v2\/types\/product"}],"replies":[{"embeddable":true,"href":"https:\/\/www.bitekerlek.com\/index.php\/wp-json\/wp\/v2\/comments?post=260"}],"wp:featuredmedia":[{"embeddable":true,"href":"https:\/\/www.bitekerlek.com\/index.php\/wp-json\/wp\/v2\/media\/272"}],"wp:attachment":[{"href":"https:\/\/www.bitekerlek.com\/index.php\/wp-json\/wp\/v2\/media?parent=260"}],"wp:term":[{"taxonomy":"product_cat","embeddable":true,"href":"https:\/\/www.bitekerlek.com\/index.php\/wp-json\/wp\/v2\/product_cat?post=260"},{"taxonomy":"product_tag","embeddable":true,"href":"https:\/\/www.bitekerlek.com\/index.php\/wp-json\/wp\/v2\/product_tag?post=260"}],"curies":[{"name":"wp","href":"https:\/\/api.w.org\/{rel}","templated":true}]}}