{"id":258,"date":"2023-10-04T13:25:01","date_gmt":"2023-10-04T10:25:01","guid":{"rendered":"http:\/\/www.bitekerlek.com\/?post_type=product&#038;p=258"},"modified":"2023-10-04T13:26:08","modified_gmt":"2023-10-04T10:26:08","slug":"deneme-urun-7","status":"publish","type":"product","link":"https:\/\/www.bitekerlek.com\/index.php\/urun\/deneme-urun-7\/","title":{"rendered":"Deneme \u00fcr\u00fcn 7"},"content":{"rendered":"<p>Deneme \u00dcr\u00fcn Bilgisi Deneme \u00dcr\u00fcn Bilgisi Deneme \u00dcr\u00fcn Bilgisi Deneme \u00dcr\u00fcn Bilgisi Deneme \u00dcr\u00fcn Bilgisi Deneme \u00dcr\u00fcn Bilgisi Deneme \u00dcr\u00fcn Bilgisi Deneme \u00dcr\u00fcn Bilgisi<\/p>\n","protected":false},"excerpt":{"rendered":"<p>\u00dcr\u00fcn \u00f6n bilgisi eklenecek<\/p>\n","protected":false},"featured_media":270,"comment_status":"open","ping_status":"closed","template":"","meta":[],"product_cat":[42],"product_tag":[],"class_list":["post-258","product","type-product","status-publish","has-post-thumbnail","hentry","product_cat-tekerlek1"],"_links":{"self":[{"href":"https:\/\/www.bitekerlek.com\/index.php\/wp-json\/wp\/v2\/product\/258","targetHints":{"allow":["GET"]}}],"collection":[{"href":"https:\/\/www.bitekerlek.com\/index.php\/wp-json\/wp\/v2\/product"}],"about":[{"href":"https:\/\/www.bitekerlek.com\/index.php\/wp-json\/wp\/v2\/types\/product"}],"replies":[{"embeddable":true,"href":"https:\/\/www.bitekerlek.com\/index.php\/wp-json\/wp\/v2\/comments?post=258"}],"wp:featuredmedia":[{"embeddable":true,"href":"https:\/\/www.bitekerlek.com\/index.php\/wp-json\/wp\/v2\/media\/270"}],"wp:attachment":[{"href":"https:\/\/www.bitekerlek.com\/index.php\/wp-json\/wp\/v2\/media?parent=258"}],"wp:term":[{"taxonomy":"product_cat","embeddable":true,"href":"https:\/\/www.bitekerlek.com\/index.php\/wp-json\/wp\/v2\/product_cat?post=258"},{"taxonomy":"product_tag","embeddable":true,"href":"https:\/\/www.bitekerlek.com\/index.php\/wp-json\/wp\/v2\/product_tag?post=258"}],"curies":[{"name":"wp","href":"https:\/\/api.w.org\/{rel}","templated":true}]}}