{"id":257,"date":"2023-10-04T13:25:01","date_gmt":"2023-10-04T10:25:01","guid":{"rendered":"http:\/\/www.bitekerlek.com\/?post_type=product&#038;p=257"},"modified":"2023-10-04T13:26:42","modified_gmt":"2023-10-04T10:26:42","slug":"deneme-urun-6","status":"publish","type":"product","link":"https:\/\/www.bitekerlek.com\/index.php\/urun\/deneme-urun-6\/","title":{"rendered":"Deneme \u00dcr\u00fcn 6"},"content":{"rendered":"<p>Deneme \u00dcr\u00fcn Bilgisi Deneme \u00dcr\u00fcn Bilgisi Deneme \u00dcr\u00fcn Bilgisi Deneme \u00dcr\u00fcn Bilgisi Deneme \u00dcr\u00fcn Bilgisi Deneme \u00dcr\u00fcn Bilgisi Deneme \u00dcr\u00fcn Bilgisi Deneme \u00dcr\u00fcn Bilgisi<\/p>\n","protected":false},"excerpt":{"rendered":"<p>\u00dcr\u00fcn \u00f6n bilgisi eklenecek<\/p>\n","protected":false},"featured_media":269,"comment_status":"open","ping_status":"closed","template":"","meta":[],"product_cat":[42,48],"product_tag":[],"class_list":["post-257","product","type-product","status-publish","has-post-thumbnail","hentry","product_cat-tekerlek1","product_cat-tekerlek6"],"_links":{"self":[{"href":"https:\/\/www.bitekerlek.com\/index.php\/wp-json\/wp\/v2\/product\/257","targetHints":{"allow":["GET"]}}],"collection":[{"href":"https:\/\/www.bitekerlek.com\/index.php\/wp-json\/wp\/v2\/product"}],"about":[{"href":"https:\/\/www.bitekerlek.com\/index.php\/wp-json\/wp\/v2\/types\/product"}],"replies":[{"embeddable":true,"href":"https:\/\/www.bitekerlek.com\/index.php\/wp-json\/wp\/v2\/comments?post=257"}],"wp:featuredmedia":[{"embeddable":true,"href":"https:\/\/www.bitekerlek.com\/index.php\/wp-json\/wp\/v2\/media\/269"}],"wp:attachment":[{"href":"https:\/\/www.bitekerlek.com\/index.php\/wp-json\/wp\/v2\/media?parent=257"}],"wp:term":[{"taxonomy":"product_cat","embeddable":true,"href":"https:\/\/www.bitekerlek.com\/index.php\/wp-json\/wp\/v2\/product_cat?post=257"},{"taxonomy":"product_tag","embeddable":true,"href":"https:\/\/www.bitekerlek.com\/index.php\/wp-json\/wp\/v2\/product_tag?post=257"}],"curies":[{"name":"wp","href":"https:\/\/api.w.org\/{rel}","templated":true}]}}