{"id":307,"date":"2023-10-05T09:51:46","date_gmt":"2023-10-05T06:51:46","guid":{"rendered":"http:\/\/www.bitekerlek.com\/?page_id=307"},"modified":"2023-10-30T10:29:39","modified_gmt":"2023-10-30T07:29:39","slug":"hakkimizda","status":"publish","type":"page","link":"https:\/\/www.bitekerlek.com\/index.php\/hakkimizda\/","title":{"rendered":"Hakk\u0131m\u0131zda"},"content":{"rendered":"<p><img loading=\"lazy\" decoding=\"async\" class=\"wp-image-497 size-medium alignleft\" src=\"http:\/\/www.etametal.com\/eta\/wp-content\/uploads\/2022\/10\/9db8a747-a3ce-4bc6-917c-cc39f5bc8eca-300x135.jpg\" alt=\"\" width=\"300\" height=\"135\" \/><\/p>\n<p>40 y\u0131l\u0131 a\u015fk\u0131n i\u015fleme tecr\u00fcbesine sahip Bi Tekerlek, Esenyurt\u2013\u0130stanbul\u2019daki i\u015fletmesinde galvaniz ve plastik metal \u00fcr\u00fcnleri imalat\u0131n\u0131n yan\u0131nda toptan ve perakende sat\u0131\u015f\u0131n\u0131 yapmaktad\u0131r.<\/p>\n<p>M\u00fc\u015fteri odakl\u0131 \u00e7al\u0131\u015fan firmam\u0131zda, kalite, maliyet ve zaman\u0131nda teslimat ana prensipleri olu\u015fturmaktad\u0131r. Hammadde giri\u015finden mamul \u00e7\u0131k\u0131\u015f\u0131na kadar olan her ad\u0131mda uygulanan kontrol sistemleri, laboratuar deneyleri, \u00fcr\u00fcnlere y\u00f6nelik denetim testleriyle mamul kalitesi g\u00fcvence alt\u0131na al\u0131nm\u0131\u015ft\u0131r.<\/p>\n<p>Metal sekt\u00f6r\u00fcnde \u00f6nemli bir yeri olan Bi Tekerlek, ISO 9001, ISO 14001, ISO 37001 ve OHAS 18001 belgelerine sahiptir. Firmam\u0131z modern teknolojiyi takip eden makine park\u0131 ve e\u011fitimli personeliyle \u00e7al\u0131\u015fmalar\u0131n\u0131 s\u00fcrd\u00fcrmekte ve m\u00fc\u015fteri memnuniyet g\u00f6stergelerini titizlikle takip edilip de\u011ferlendirilmektedir. Otomasyona dayal\u0131 \u00e7al\u0131\u015fan firmam\u0131zda uygun maliyetli \u00e7\u00f6z\u00fcmler m\u00fc\u015fterilerimize sunulmaktad\u0131r.<\/p>\n<p>Ar-Ge Merkezi ile beraber Do\u011fa ve \u00c7evre konular\u0131nda \u00e7e\u015fitli m\u00fchendislik, laboratuvar ve \u00fcretim yeteneklerini geli\u015ftiren ve geli\u015ftirmeye devam eden Bi Tekerlek, daha ileri teknolojide \u00e7\u00f6z\u00fcmler sunmay\u0131 hedeflemektedir.<\/p>\n","protected":false},"excerpt":{"rendered":"<p>40 y\u0131l\u0131 a\u015fk\u0131n i\u015fleme tecr\u00fcbesine sahip Bi Tekerlek, Esenyurt\u2013\u0130stanbul\u2019daki i\u015fletmesinde galvaniz ve plastik metal \u00fcr\u00fcnleri imalat\u0131n\u0131n yan\u0131nda toptan ve perakende sat\u0131\u015f\u0131n\u0131 yapmaktad\u0131r. M\u00fc\u015fteri odakl\u0131 \u00e7al\u0131\u015fan firmam\u0131zda, kalite, maliyet ve zaman\u0131nda teslimat ana prensipleri olu\u015fturmaktad\u0131r. Hammadde giri\u015finden mamul \u00e7\u0131k\u0131\u015f\u0131na kadar olan her ad\u0131mda uygulanan kontrol sistemleri, laboratuar deneyleri, \u00fcr\u00fcnlere y\u00f6nelik denetim&hellip; <\/p>\n","protected":false},"author":1,"featured_media":0,"parent":0,"menu_order":0,"comment_status":"closed","ping_status":"closed","template":"","meta":{"footnotes":""},"class_list":["post-307","page","type-page","status-publish","hentry"],"_links":{"self":[{"href":"https:\/\/www.bitekerlek.com\/index.php\/wp-json\/wp\/v2\/pages\/307","targetHints":{"allow":["GET"]}}],"collection":[{"href":"https:\/\/www.bitekerlek.com\/index.php\/wp-json\/wp\/v2\/pages"}],"about":[{"href":"https:\/\/www.bitekerlek.com\/index.php\/wp-json\/wp\/v2\/types\/page"}],"author":[{"embeddable":true,"href":"https:\/\/www.bitekerlek.com\/index.php\/wp-json\/wp\/v2\/users\/1"}],"replies":[{"embeddable":true,"href":"https:\/\/www.bitekerlek.com\/index.php\/wp-json\/wp\/v2\/comments?post=307"}],"version-history":[{"count":3,"href":"https:\/\/www.bitekerlek.com\/index.php\/wp-json\/wp\/v2\/pages\/307\/revisions"}],"predecessor-version":[{"id":331,"href":"https:\/\/www.bitekerlek.com\/index.php\/wp-json\/wp\/v2\/pages\/307\/revisions\/331"}],"wp:attachment":[{"href":"https:\/\/www.bitekerlek.com\/index.php\/wp-json\/wp\/v2\/media?parent=307"}],"curies":[{"name":"wp","href":"https:\/\/api.w.org\/{rel}","templated":true}]}}